{"id":226,"date":"2014-01-29T21:52:49","date_gmt":"2014-01-29T21:52:49","guid":{"rendered":"https:\/\/www.lauracristin.it?page_id=226"},"modified":"2014-12-30T17:26:57","modified_gmt":"2014-12-30T17:26:57","slug":"cv","status":"publish","type":"page","link":"https:\/\/www.lauracristin.it\/it\/artist\/cv\/","title":{"rendered":"Curriculum Vitae"},"content":{"rendered":"<p>\u00a0<\/p>\n<p>Sono nata a San Pier d&#8217;Isonzo il 13 giugno 1954. Dopo il diploma magistrale all&#8217;Istituto \u201cS. Slataper\u201d di Gorizia, ho lavorato per un anno come bibliotecaria, ho imparato l&#8217;inglese al City Lit di Londra (Arels Certificate), per impiegarmi poi come insegnante fino al 1993. Inizio a dipingere nei primi anni Ottanta, a olio su vetro ma ben presto sento la necessit\u00e0 di sperimentare tecniche e superfici diverse e di praticare murales, illustrazioni, arti plastiche. Sviluppo nel tempo un percorso molto personale che va dagli autoritratti (di oca) alle sculture sui generis di manichini (serie \u201cMySELF\u201d e \u201cMediterranea\u201d) e alla progressiva definizione dell&#8217;identit\u00e0 di Sheren. Nel 2003 mi viene assegnata una visiting artist residency in Irlanda e scelgo di continuare\/evolvere con la performance. Punti centrali della mia ricerca sono il mare, il viaggio (non-solo-metaforico), la musica, la libert\u00e0, la collaborazione con artisti sulla stessa lunghezza d&#8217;onda, nonch\u00e9 la necessit\u00e0  \u2013 ogni tanto \u2013  di riflettere e fare il punto (anche scrivendo) di cos\u00ec movimentate situazioni. Significativa la recente produzione di Stendardi da Viaggio: leggere non-solo-pitture su tessuto-non-tessuto dove fisso ricordi memorabili, incastonati nel dipinto-ricamo-rilievo in Braille. Partecipo inoltre a iniziative di mail art e fluxus a livello internazionale.<\/p>\n<p><strong>Principali mostre<\/strong> 1996-2014: \u201cLetture fantastiche\u201d nella Pinacoteca di San Pier d&#8217;Isonzo GO, \u201cIl corpo: immagine e percezione\u201d a Fagagna UD, \u201cPl\u00e4tze\u201d a Minden DE, \u201cacqueen\u201d a Casier TV, \u201cIdentit\u00e0 per modelli sartoriali\u201d a Turriaco GO, \u201cCollezione Museo C. Zavattini\u201d al Centro di Arte Contemporanea di Larissa EL, \u201cI Promessi Sposi e la Citt\u00e0 Promessa\u201d a Milano, \u201cSHE-SHirEn-Sheren\u201d a San Daniele del Friuli UD, \u201cLa Bisiacaria a San Marco\u201d al Palazzo delle Prigioni di Venezia e a Trieste. Nel 2014, \u201cLo Stracquo: l&#8217;arte che viene dal mare\u201d a Ponza LT<br \/>\n<strong>Performance<\/strong> (dal 2003): Irlanda, Helsinki, Madrid, Germania, Citt\u00e0 del Messico (performagia4 di UNAM), Londra (Biennale e the Foundry), Parigi (P\u00e8re Lachaise), Belgrado (Art Fair), The Neatherlands, Sofia (at WTAF). S. Maria di Leuca LE, Firenze, Milano, Riola BO (Museo dei Tarocchi),  Bergamo (Museo di Storia), S. Severina KR (\u201cLe arti del gesto\u201d), Venezia e Ponza (\u201cSherena Velella\u201d) in Italia<br \/>\n<strong>Etceteras<\/strong>: murales, libri, film\/video, laboratori, conferenze, curatela etc. sono parte integrante della mia arte\/vita. Murales a Castellana Sicula PA e Bordano UD. Dal 2005 mi capita di filmare performance o azioni d&#8217;arte estemporanee. I video che ne risultano stanno nel mio archivio e\/o vengono pubblicati\/spediti to whom it might concern. Ho partecipato a diverse edizioni del Magmart video festival\/webmagazine  di Napoli  e all&#8217;evento messicano \u201c07-07-07 para el dia del paraguas negro\u201d. Ho tenuto la conferenza \u201cL&#8217;identit\u00e0 come manufatto\u201d  a performagia4<br \/>\n<strong>Saggio critico<\/strong> di Tino Sangiglio in \u201cPittori dell&#8217;anima\u201d ,Trieste, Istituto Giuliano di Storia e Documentazione, 2007<\/p>\n<p>Scarica il curriculum completo <a title=\"Laura Cristin CV ITA\" href=\"http:\/\/lauracristin.itwp-content\/uploads\/2014\/02\/CV-Laura-Cristin-ITA.pdf\">qui<\/a><\/p>\n","protected":false},"excerpt":{"rendered":"<p>\u00a0 Sono nata a San Pier d&#8217;Isonzo il 13 giugno 1954. Dopo il diploma magistrale all&#8217;Istituto \u201cS. Slataper\u201d di Gorizia,&#8230;<\/p>\n","protected":false},"author":1,"featured_media":0,"parent":5,"menu_order":0,"comment_status":"open","ping_status":"open","template":"template-full-width.php","meta":{"footnotes":""},"class_list":["post-226","page","type-page","status-publish","hentry","end"],"_links":{"self":[{"href":"https:\/\/www.lauracristin.it\/it\/wp-json\/wp\/v2\/pages\/226"}],"collection":[{"href":"https:\/\/www.lauracristin.it\/it\/wp-json\/wp\/v2\/pages"}],"about":[{"href":"https:\/\/www.lauracristin.it\/it\/wp-json\/wp\/v2\/types\/page"}],"author":[{"embeddable":true,"href":"https:\/\/www.lauracristin.it\/it\/wp-json\/wp\/v2\/users\/1"}],"replies":[{"embeddable":true,"href":"https:\/\/www.lauracristin.it\/it\/wp-json\/wp\/v2\/comments?post=226"}],"version-history":[{"count":58,"href":"https:\/\/www.lauracristin.it\/it\/wp-json\/wp\/v2\/pages\/226\/revisions"}],"predecessor-version":[{"id":591,"href":"https:\/\/www.lauracristin.it\/it\/wp-json\/wp\/v2\/pages\/226\/revisions\/591"}],"up":[{"embeddable":true,"href":"https:\/\/www.lauracristin.it\/it\/wp-json\/wp\/v2\/pages\/5"}],"wp:attachment":[{"href":"https:\/\/www.lauracristin.it\/it\/wp-json\/wp\/v2\/media?parent=226"}],"curies":[{"name":"wp","href":"https:\/\/api.w.org\/{rel}","templated":true}]}}